{"id":56,"date":"2025-09-23T14:30:37","date_gmt":"2025-09-23T12:30:37","guid":{"rendered":"https:\/\/www.koivuengineering.fi\/?page_id=56"},"modified":"2025-11-04T14:07:49","modified_gmt":"2025-11-04T12:07:49","slug":"etusivu","status":"publish","type":"page","link":"https:\/\/www.koivuengineering.fi\/","title":{"rendered":"Tekniikan moniottelija \nJuha Koivu"},"content":{"rendered":"\n<h3 class=\"wp-block-heading\" id=\"wnd_TextBlock_24651757923641503865_inner_1\"><em><strong>Tekniikan ja teknisten sovellusten avulla voidaan ratkaista ja optimoida toimintaa alalla kuin alalla.<\/strong><br>Ratkaisujen avaimet tarjoaa <strong>Koivu Engineering<\/strong> \u2013 asiantuntijasi tekniikan maailmassa.<\/em><\/h3>\n\n\n\n<p id=\"wnd_TextBlock_24651757923641503865_inner_2\">Sujuvampaa arkea ja tehokkaampaa toimintaa<\/p>\n\n\n\n<p>Koivu Engineering huolehtii puolestasi toimivimpien k\u00e4yt\u00e4nt\u00f6jen ja ratkaisujen suunnittelusta \u2013 tavoitteena tehokkaampi toiminta ja sujuvampi arki.<\/p>\n\n\n\n<p id=\"wnd_TextBlock_24651757923641503865_inner_2\">Tutustu tarkemmin palveluihimme Palvelut-osiossa.<\/p>\n","protected":false},"excerpt":{"rendered":"<p>Tekniikan ja teknisten sovellusten avulla voidaan ratkaista ja optimoida toimintaa alalla kuin alalla.Ratkaisujen avaimet tarjoaa Koivu Engineering \u2013 asiantuntijasi tekniikan maailmassa. Sujuvampaa arkea ja tehokkaampaa toimintaa Koivu Engineering huolehtii puolestasi toimivimpien k\u00e4yt\u00e4nt\u00f6jen ja ratkaisujen suunnittelusta \u2013 tavoitteena tehokkaampi toiminta ja sujuvampi arki. Tutustu tarkemmin palveluihimme Palvelut-osiossa.<\/p>\n","protected":false},"author":1,"featured_media":59,"parent":0,"menu_order":0,"comment_status":"closed","ping_status":"closed","template":"","meta":{"footnotes":""},"class_list":["post-56","page","type-page","status-publish","has-post-thumbnail","hentry"],"yoast_head":"<!-- This site is optimized with the Yoast SEO plugin v27.5 - https:\/\/yoast.com\/product\/yoast-seo-wordpress\/ -->\n<title>Tekniikan moniottelija Juha Koivu - Ratkaisujen juuret syv&auml;ll&auml; osaamisessa<\/title>\n<meta name=\"description\" content=\"Monipuolista osaamista tekniikan eri osa-alueilta. Konsulttisi kaikissa arjen haasteissa. Optimoimme toimintanne\" \/>\n<meta name=\"robots\" content=\"index, follow, max-snippet:-1, max-image-preview:large, max-video-preview:-1\" \/>\n<link rel=\"canonical\" href=\"https:\/\/www.koivuengineering.fi\/\" \/>\n<meta property=\"og:locale\" content=\"fi_FI\" \/>\n<meta property=\"og:type\" content=\"article\" \/>\n<meta property=\"og:title\" content=\"Tekniikan moniottelija Juha Koivu - Ratkaisujen juuret syv&auml;ll&auml; osaamisessa\" \/>\n<meta property=\"og:description\" content=\"Monipuolista osaamista tekniikan eri osa-alueilta. Konsulttisi kaikissa arjen haasteissa. Optimoimme toimintanne\" \/>\n<meta property=\"og:url\" content=\"https:\/\/www.koivuengineering.fi\/\" \/>\n<meta property=\"og:site_name\" content=\"Ratkaisujen juuret syv&auml;ll&auml; osaamisessa\" \/>\n<meta property=\"article:modified_time\" content=\"2025-11-04T12:07:49+00:00\" \/>\n<meta property=\"og:image\" content=\"https:\/\/www.koivuengineering.fi\/wp-content\/uploads\/2025\/09\/etusivu.jpg\" \/>\n\t<meta property=\"og:image:width\" content=\"640\" \/>\n\t<meta property=\"og:image:height\" content=\"427\" \/>\n\t<meta property=\"og:image:type\" content=\"image\/jpeg\" \/>\n<meta name=\"twitter:card\" content=\"summary_large_image\" \/>\n<meta name=\"twitter:label1\" content=\"Arvioitu lukuaika\" \/>\n\t<meta name=\"twitter:data1\" content=\"1 minuutti\" \/>\n<script type=\"application\/ld+json\" class=\"yoast-schema-graph\">{\"@context\":\"https:\\\/\\\/schema.org\",\"@graph\":[{\"@type\":\"WebPage\",\"@id\":\"https:\\\/\\\/www.koivuengineering.fi\\\/\",\"url\":\"https:\\\/\\\/www.koivuengineering.fi\\\/\",\"name\":\"Tekniikan moniottelija Juha Koivu - Ratkaisujen juuret syv&auml;ll&auml; osaamisessa\",\"isPartOf\":{\"@id\":\"https:\\\/\\\/www.koivuengineering.fi\\\/#website\"},\"primaryImageOfPage\":{\"@id\":\"https:\\\/\\\/www.koivuengineering.fi\\\/#primaryimage\"},\"image\":{\"@id\":\"https:\\\/\\\/www.koivuengineering.fi\\\/#primaryimage\"},\"thumbnailUrl\":\"https:\\\/\\\/www.koivuengineering.fi\\\/wp-content\\\/uploads\\\/2025\\\/09\\\/etusivu.jpg\",\"datePublished\":\"2025-09-23T12:30:37+00:00\",\"dateModified\":\"2025-11-04T12:07:49+00:00\",\"description\":\"Monipuolista osaamista tekniikan eri osa-alueilta. Konsulttisi kaikissa arjen haasteissa. Optimoimme toimintanne\",\"breadcrumb\":{\"@id\":\"https:\\\/\\\/www.koivuengineering.fi\\\/#breadcrumb\"},\"inLanguage\":\"fi\",\"potentialAction\":[{\"@type\":\"ReadAction\",\"target\":[\"https:\\\/\\\/www.koivuengineering.fi\\\/\"]}]},{\"@type\":\"ImageObject\",\"inLanguage\":\"fi\",\"@id\":\"https:\\\/\\\/www.koivuengineering.fi\\\/#primaryimage\",\"url\":\"https:\\\/\\\/www.koivuengineering.fi\\\/wp-content\\\/uploads\\\/2025\\\/09\\\/etusivu.jpg\",\"contentUrl\":\"https:\\\/\\\/www.koivuengineering.fi\\\/wp-content\\\/uploads\\\/2025\\\/09\\\/etusivu.jpg\",\"width\":640,\"height\":427,\"caption\":\"Asiantuntijasi Tekniikan maailmassa\"},{\"@type\":\"BreadcrumbList\",\"@id\":\"https:\\\/\\\/www.koivuengineering.fi\\\/#breadcrumb\",\"itemListElement\":[{\"@type\":\"ListItem\",\"position\":1,\"name\":\"Etusivu\",\"item\":\"https:\\\/\\\/www.koivuengineering.fi\\\/\"},{\"@type\":\"ListItem\",\"position\":2,\"name\":\"Tekniikan moniottelija Juha Koivu\"}]},{\"@type\":\"WebSite\",\"@id\":\"https:\\\/\\\/www.koivuengineering.fi\\\/#website\",\"url\":\"https:\\\/\\\/www.koivuengineering.fi\\\/\",\"name\":\"Koivuengineering\",\"description\":\"Ratkaisujen juuret syv&auml;ll&auml; osaamisessa\",\"publisher\":{\"@id\":\"https:\\\/\\\/www.koivuengineering.fi\\\/#organization\"},\"potentialAction\":[{\"@type\":\"SearchAction\",\"target\":{\"@type\":\"EntryPoint\",\"urlTemplate\":\"https:\\\/\\\/www.koivuengineering.fi\\\/?s={search_term_string}\"},\"query-input\":{\"@type\":\"PropertyValueSpecification\",\"valueRequired\":true,\"valueName\":\"search_term_string\"}}],\"inLanguage\":\"fi\"},{\"@type\":\"Organization\",\"@id\":\"https:\\\/\\\/www.koivuengineering.fi\\\/#organization\",\"name\":\"Koivu Engineering\",\"url\":\"https:\\\/\\\/www.koivuengineering.fi\\\/\",\"logo\":{\"@type\":\"ImageObject\",\"inLanguage\":\"fi\",\"@id\":\"https:\\\/\\\/www.koivuengineering.fi\\\/#\\\/schema\\\/logo\\\/image\\\/\",\"url\":\"https:\\\/\\\/www.koivuengineering.fi\\\/wp-content\\\/uploads\\\/2025\\\/09\\\/logo.webp\",\"contentUrl\":\"https:\\\/\\\/www.koivuengineering.fi\\\/wp-content\\\/uploads\\\/2025\\\/09\\\/logo.webp\",\"width\":450,\"height\":146,\"caption\":\"Koivu Engineering\"},\"image\":{\"@id\":\"https:\\\/\\\/www.koivuengineering.fi\\\/#\\\/schema\\\/logo\\\/image\\\/\"}}]}<\/script>\n<!-- \/ Yoast SEO plugin. -->","yoast_head_json":{"title":"Tekniikan moniottelija Juha Koivu - Ratkaisujen juuret syv&auml;ll&auml; osaamisessa","description":"Monipuolista osaamista tekniikan eri osa-alueilta. Konsulttisi kaikissa arjen haasteissa. Optimoimme toimintanne","robots":{"index":"index","follow":"follow","max-snippet":"max-snippet:-1","max-image-preview":"max-image-preview:large","max-video-preview":"max-video-preview:-1"},"canonical":"https:\/\/www.koivuengineering.fi\/","og_locale":"fi_FI","og_type":"article","og_title":"Tekniikan moniottelija Juha Koivu - Ratkaisujen juuret syv&auml;ll&auml; osaamisessa","og_description":"Monipuolista osaamista tekniikan eri osa-alueilta. Konsulttisi kaikissa arjen haasteissa. Optimoimme toimintanne","og_url":"https:\/\/www.koivuengineering.fi\/","og_site_name":"Ratkaisujen juuret syv&auml;ll&auml; osaamisessa","article_modified_time":"2025-11-04T12:07:49+00:00","og_image":[{"width":640,"height":427,"url":"https:\/\/www.koivuengineering.fi\/wp-content\/uploads\/2025\/09\/etusivu.jpg","type":"image\/jpeg"}],"twitter_card":"summary_large_image","twitter_misc":{"Arvioitu lukuaika":"1 minuutti"},"schema":{"@context":"https:\/\/schema.org","@graph":[{"@type":"WebPage","@id":"https:\/\/www.koivuengineering.fi\/","url":"https:\/\/www.koivuengineering.fi\/","name":"Tekniikan moniottelija Juha Koivu - Ratkaisujen juuret syv&auml;ll&auml; osaamisessa","isPartOf":{"@id":"https:\/\/www.koivuengineering.fi\/#website"},"primaryImageOfPage":{"@id":"https:\/\/www.koivuengineering.fi\/#primaryimage"},"image":{"@id":"https:\/\/www.koivuengineering.fi\/#primaryimage"},"thumbnailUrl":"https:\/\/www.koivuengineering.fi\/wp-content\/uploads\/2025\/09\/etusivu.jpg","datePublished":"2025-09-23T12:30:37+00:00","dateModified":"2025-11-04T12:07:49+00:00","description":"Monipuolista osaamista tekniikan eri osa-alueilta. Konsulttisi kaikissa arjen haasteissa. Optimoimme toimintanne","breadcrumb":{"@id":"https:\/\/www.koivuengineering.fi\/#breadcrumb"},"inLanguage":"fi","potentialAction":[{"@type":"ReadAction","target":["https:\/\/www.koivuengineering.fi\/"]}]},{"@type":"ImageObject","inLanguage":"fi","@id":"https:\/\/www.koivuengineering.fi\/#primaryimage","url":"https:\/\/www.koivuengineering.fi\/wp-content\/uploads\/2025\/09\/etusivu.jpg","contentUrl":"https:\/\/www.koivuengineering.fi\/wp-content\/uploads\/2025\/09\/etusivu.jpg","width":640,"height":427,"caption":"Asiantuntijasi Tekniikan maailmassa"},{"@type":"BreadcrumbList","@id":"https:\/\/www.koivuengineering.fi\/#breadcrumb","itemListElement":[{"@type":"ListItem","position":1,"name":"Etusivu","item":"https:\/\/www.koivuengineering.fi\/"},{"@type":"ListItem","position":2,"name":"Tekniikan moniottelija Juha Koivu"}]},{"@type":"WebSite","@id":"https:\/\/www.koivuengineering.fi\/#website","url":"https:\/\/www.koivuengineering.fi\/","name":"Koivuengineering","description":"Ratkaisujen juuret syv&auml;ll&auml; osaamisessa","publisher":{"@id":"https:\/\/www.koivuengineering.fi\/#organization"},"potentialAction":[{"@type":"SearchAction","target":{"@type":"EntryPoint","urlTemplate":"https:\/\/www.koivuengineering.fi\/?s={search_term_string}"},"query-input":{"@type":"PropertyValueSpecification","valueRequired":true,"valueName":"search_term_string"}}],"inLanguage":"fi"},{"@type":"Organization","@id":"https:\/\/www.koivuengineering.fi\/#organization","name":"Koivu Engineering","url":"https:\/\/www.koivuengineering.fi\/","logo":{"@type":"ImageObject","inLanguage":"fi","@id":"https:\/\/www.koivuengineering.fi\/#\/schema\/logo\/image\/","url":"https:\/\/www.koivuengineering.fi\/wp-content\/uploads\/2025\/09\/logo.webp","contentUrl":"https:\/\/www.koivuengineering.fi\/wp-content\/uploads\/2025\/09\/logo.webp","width":450,"height":146,"caption":"Koivu Engineering"},"image":{"@id":"https:\/\/www.koivuengineering.fi\/#\/schema\/logo\/image\/"}}]}},"_links":{"self":[{"href":"https:\/\/www.koivuengineering.fi\/index.php?rest_route=\/wp\/v2\/pages\/56","targetHints":{"allow":["GET"]}}],"collection":[{"href":"https:\/\/www.koivuengineering.fi\/index.php?rest_route=\/wp\/v2\/pages"}],"about":[{"href":"https:\/\/www.koivuengineering.fi\/index.php?rest_route=\/wp\/v2\/types\/page"}],"author":[{"embeddable":true,"href":"https:\/\/www.koivuengineering.fi\/index.php?rest_route=\/wp\/v2\/users\/1"}],"replies":[{"embeddable":true,"href":"https:\/\/www.koivuengineering.fi\/index.php?rest_route=%2Fwp%2Fv2%2Fcomments&post=56"}],"version-history":[{"count":6,"href":"https:\/\/www.koivuengineering.fi\/index.php?rest_route=\/wp\/v2\/pages\/56\/revisions"}],"predecessor-version":[{"id":167,"href":"https:\/\/www.koivuengineering.fi\/index.php?rest_route=\/wp\/v2\/pages\/56\/revisions\/167"}],"wp:featuredmedia":[{"embeddable":true,"href":"https:\/\/www.koivuengineering.fi\/index.php?rest_route=\/wp\/v2\/media\/59"}],"wp:attachment":[{"href":"https:\/\/www.koivuengineering.fi\/index.php?rest_route=%2Fwp%2Fv2%2Fmedia&parent=56"}],"curies":[{"name":"wp","href":"https:\/\/api.w.org\/{rel}","templated":true}]}}