{"id":74,"date":"2025-09-23T15:07:48","date_gmt":"2025-09-23T13:07:48","guid":{"rendered":"https:\/\/www.koivuengineering.fi\/?page_id=74"},"modified":"2026-01-28T23:23:16","modified_gmt":"2026-01-28T21:23:16","slug":"tietoa-minusta","status":"publish","type":"page","link":"https:\/\/www.koivuengineering.fi\/?page_id=74","title":{"rendered":"Tietoa minusta"},"content":{"rendered":"\n<p><em>Juha Koivu, Insin\u00f6\u00f6ri AMK ja YAMK.<\/em><\/p>\n\n\n\n<p>Asiantuntijuutta tekniikasta ja annosteluratkaisuista ammattihygieniassa.<\/p>\n\n\n\n<p>Kiinnostukseni tekniikkaan ja uusiin ratkaisuihin on ennakkoluulotonta ja uteliasta. Olen ammattihygienian annostelutekniikan ja teknisten ratkaisujen asiantuntija yli 20 vuoden kokemuksella. Taustani on kemian- ja prosessiteollisuudessa, ja koulutukseni on vienyt minut teknisest\u00e4 osaajasta asiantuntijaksi.<\/p>\n\n\n\n<h3 class=\"wp-block-heading\"><\/h3>\n\n\n\n<h3 class=\"wp-block-heading\">Koulutus:<\/h3>\n\n\n\n<p><strong>2022<\/strong> \u2013 Insin\u00f6\u00f6ri (YAMK), teknologian johtaminen<\/p>\n\n\n\n<p><strong>2018<\/strong> \u2013 Insin\u00f6\u00f6ri (AMK), kone- ja tuotantotekniikka<\/p>\n\n\n\n<p><strong>2003<\/strong> \u2013 Ammatillinen koulutus, automaatio- ja konetekniikka<\/p>\n\n\n\n<p>P\u00e4tevyydet:<\/p>\n\n\n\n<p><strong>2011<\/strong> \u2013 Hygieniapassi<\/p>\n\n\n\n<p><strong>2010<\/strong> \u2013 Kylm\u00e4ainep\u00e4tevyys &lt; 3 kg<\/p>\n\n\n\n<p><strong>2007<\/strong> \u2013 S3-s\u00e4hk\u00f6p\u00e4tevyys<\/p>\n","protected":false},"excerpt":{"rendered":"<p>Juha Koivu, Insin\u00f6\u00f6ri AMK ja YAMK. Asiantuntijuutta tekniikasta ja annosteluratkaisuista ammattihygieniassa. Kiinnostukseni tekniikkaan ja uusiin ratkaisuihin on ennakkoluulotonta ja uteliasta. Olen ammattihygienian annostelutekniikan ja teknisten ratkaisujen asiantuntija yli 20 vuoden kokemuksella. Taustani on kemian- ja prosessiteollisuudessa, ja koulutukseni on vienyt minut teknisest\u00e4 osaajasta asiantuntijaksi. Koulutus: 2022 \u2013 Insin\u00f6\u00f6ri (YAMK), teknologian johtaminen 2018 \u2013 Insin\u00f6\u00f6ri (AMK), [&hellip;]<\/p>\n","protected":false},"author":1,"featured_media":0,"parent":0,"menu_order":0,"comment_status":"closed","ping_status":"closed","template":"","meta":{"footnotes":""},"class_list":["post-74","page","type-page","status-publish","hentry"],"yoast_head":"<!-- This site is optimized with the Yoast SEO plugin v27.5 - https:\/\/yoast.com\/product\/yoast-seo-wordpress\/ -->\n<title>Tietoa minusta - Ratkaisujen juuret syv&auml;ll&auml; osaamisessa<\/title>\n<meta name=\"description\" content=\"Tutustu Juha Koivun asiantuntijuuteen ja kokemukseen tekniikassa ja annosteluratkaisuissa. Minusta on monipuolinen ammattilainen.\" \/>\n<meta name=\"robots\" content=\"index, follow, max-snippet:-1, max-image-preview:large, max-video-preview:-1\" \/>\n<link rel=\"canonical\" href=\"https:\/\/www.koivuengineering.fi\/?page_id=74\" \/>\n<meta property=\"og:locale\" content=\"fi_FI\" \/>\n<meta property=\"og:type\" content=\"article\" \/>\n<meta property=\"og:title\" content=\"Tietoa minusta - Ratkaisujen juuret syv&auml;ll&auml; osaamisessa\" \/>\n<meta property=\"og:description\" content=\"Tutustu Juha Koivun asiantuntijuuteen ja kokemukseen tekniikassa ja annosteluratkaisuissa. Minusta on monipuolinen ammattilainen.\" \/>\n<meta property=\"og:url\" content=\"https:\/\/www.koivuengineering.fi\/?page_id=74\" \/>\n<meta property=\"og:site_name\" content=\"Ratkaisujen juuret syv&auml;ll&auml; osaamisessa\" \/>\n<meta property=\"article:modified_time\" content=\"2026-01-28T21:23:16+00:00\" \/>\n<meta name=\"twitter:card\" content=\"summary_large_image\" \/>\n<meta name=\"twitter:label1\" content=\"Arvioitu lukuaika\" \/>\n\t<meta name=\"twitter:data1\" content=\"1 minuutti\" \/>\n<script type=\"application\/ld+json\" class=\"yoast-schema-graph\">{\"@context\":\"https:\\\/\\\/schema.org\",\"@graph\":[{\"@type\":\"WebPage\",\"@id\":\"https:\\\/\\\/www.koivuengineering.fi\\\/?page_id=74\",\"url\":\"https:\\\/\\\/www.koivuengineering.fi\\\/?page_id=74\",\"name\":\"Tietoa minusta - Ratkaisujen juuret syv&auml;ll&auml; osaamisessa\",\"isPartOf\":{\"@id\":\"https:\\\/\\\/www.koivuengineering.fi\\\/#website\"},\"datePublished\":\"2025-09-23T13:07:48+00:00\",\"dateModified\":\"2026-01-28T21:23:16+00:00\",\"description\":\"Tutustu Juha Koivun asiantuntijuuteen ja kokemukseen tekniikassa ja annosteluratkaisuissa. Minusta on monipuolinen ammattilainen.\",\"breadcrumb\":{\"@id\":\"https:\\\/\\\/www.koivuengineering.fi\\\/?page_id=74#breadcrumb\"},\"inLanguage\":\"fi\",\"potentialAction\":[{\"@type\":\"ReadAction\",\"target\":[\"https:\\\/\\\/www.koivuengineering.fi\\\/?page_id=74\"]}]},{\"@type\":\"BreadcrumbList\",\"@id\":\"https:\\\/\\\/www.koivuengineering.fi\\\/?page_id=74#breadcrumb\",\"itemListElement\":[{\"@type\":\"ListItem\",\"position\":1,\"name\":\"Etusivu\",\"item\":\"https:\\\/\\\/www.koivuengineering.fi\\\/\"},{\"@type\":\"ListItem\",\"position\":2,\"name\":\"Tietoa minusta\"}]},{\"@type\":\"WebSite\",\"@id\":\"https:\\\/\\\/www.koivuengineering.fi\\\/#website\",\"url\":\"https:\\\/\\\/www.koivuengineering.fi\\\/\",\"name\":\"Koivuengineering\",\"description\":\"Ratkaisujen juuret syv&auml;ll&auml; osaamisessa\",\"publisher\":{\"@id\":\"https:\\\/\\\/www.koivuengineering.fi\\\/#organization\"},\"potentialAction\":[{\"@type\":\"SearchAction\",\"target\":{\"@type\":\"EntryPoint\",\"urlTemplate\":\"https:\\\/\\\/www.koivuengineering.fi\\\/?s={search_term_string}\"},\"query-input\":{\"@type\":\"PropertyValueSpecification\",\"valueRequired\":true,\"valueName\":\"search_term_string\"}}],\"inLanguage\":\"fi\"},{\"@type\":\"Organization\",\"@id\":\"https:\\\/\\\/www.koivuengineering.fi\\\/#organization\",\"name\":\"Koivu Engineering\",\"url\":\"https:\\\/\\\/www.koivuengineering.fi\\\/\",\"logo\":{\"@type\":\"ImageObject\",\"inLanguage\":\"fi\",\"@id\":\"https:\\\/\\\/www.koivuengineering.fi\\\/#\\\/schema\\\/logo\\\/image\\\/\",\"url\":\"https:\\\/\\\/www.koivuengineering.fi\\\/wp-content\\\/uploads\\\/2025\\\/09\\\/logo.webp\",\"contentUrl\":\"https:\\\/\\\/www.koivuengineering.fi\\\/wp-content\\\/uploads\\\/2025\\\/09\\\/logo.webp\",\"width\":450,\"height\":146,\"caption\":\"Koivu Engineering\"},\"image\":{\"@id\":\"https:\\\/\\\/www.koivuengineering.fi\\\/#\\\/schema\\\/logo\\\/image\\\/\"}}]}<\/script>\n<!-- \/ Yoast SEO plugin. -->","yoast_head_json":{"title":"Tietoa minusta - Ratkaisujen juuret syv&auml;ll&auml; osaamisessa","description":"Tutustu Juha Koivun asiantuntijuuteen ja kokemukseen tekniikassa ja annosteluratkaisuissa. Minusta on monipuolinen ammattilainen.","robots":{"index":"index","follow":"follow","max-snippet":"max-snippet:-1","max-image-preview":"max-image-preview:large","max-video-preview":"max-video-preview:-1"},"canonical":"https:\/\/www.koivuengineering.fi\/?page_id=74","og_locale":"fi_FI","og_type":"article","og_title":"Tietoa minusta - Ratkaisujen juuret syv&auml;ll&auml; osaamisessa","og_description":"Tutustu Juha Koivun asiantuntijuuteen ja kokemukseen tekniikassa ja annosteluratkaisuissa. Minusta on monipuolinen ammattilainen.","og_url":"https:\/\/www.koivuengineering.fi\/?page_id=74","og_site_name":"Ratkaisujen juuret syv&auml;ll&auml; osaamisessa","article_modified_time":"2026-01-28T21:23:16+00:00","twitter_card":"summary_large_image","twitter_misc":{"Arvioitu lukuaika":"1 minuutti"},"schema":{"@context":"https:\/\/schema.org","@graph":[{"@type":"WebPage","@id":"https:\/\/www.koivuengineering.fi\/?page_id=74","url":"https:\/\/www.koivuengineering.fi\/?page_id=74","name":"Tietoa minusta - Ratkaisujen juuret syv&auml;ll&auml; osaamisessa","isPartOf":{"@id":"https:\/\/www.koivuengineering.fi\/#website"},"datePublished":"2025-09-23T13:07:48+00:00","dateModified":"2026-01-28T21:23:16+00:00","description":"Tutustu Juha Koivun asiantuntijuuteen ja kokemukseen tekniikassa ja annosteluratkaisuissa. Minusta on monipuolinen ammattilainen.","breadcrumb":{"@id":"https:\/\/www.koivuengineering.fi\/?page_id=74#breadcrumb"},"inLanguage":"fi","potentialAction":[{"@type":"ReadAction","target":["https:\/\/www.koivuengineering.fi\/?page_id=74"]}]},{"@type":"BreadcrumbList","@id":"https:\/\/www.koivuengineering.fi\/?page_id=74#breadcrumb","itemListElement":[{"@type":"ListItem","position":1,"name":"Etusivu","item":"https:\/\/www.koivuengineering.fi\/"},{"@type":"ListItem","position":2,"name":"Tietoa minusta"}]},{"@type":"WebSite","@id":"https:\/\/www.koivuengineering.fi\/#website","url":"https:\/\/www.koivuengineering.fi\/","name":"Koivuengineering","description":"Ratkaisujen juuret syv&auml;ll&auml; osaamisessa","publisher":{"@id":"https:\/\/www.koivuengineering.fi\/#organization"},"potentialAction":[{"@type":"SearchAction","target":{"@type":"EntryPoint","urlTemplate":"https:\/\/www.koivuengineering.fi\/?s={search_term_string}"},"query-input":{"@type":"PropertyValueSpecification","valueRequired":true,"valueName":"search_term_string"}}],"inLanguage":"fi"},{"@type":"Organization","@id":"https:\/\/www.koivuengineering.fi\/#organization","name":"Koivu Engineering","url":"https:\/\/www.koivuengineering.fi\/","logo":{"@type":"ImageObject","inLanguage":"fi","@id":"https:\/\/www.koivuengineering.fi\/#\/schema\/logo\/image\/","url":"https:\/\/www.koivuengineering.fi\/wp-content\/uploads\/2025\/09\/logo.webp","contentUrl":"https:\/\/www.koivuengineering.fi\/wp-content\/uploads\/2025\/09\/logo.webp","width":450,"height":146,"caption":"Koivu Engineering"},"image":{"@id":"https:\/\/www.koivuengineering.fi\/#\/schema\/logo\/image\/"}}]}},"_links":{"self":[{"href":"https:\/\/www.koivuengineering.fi\/index.php?rest_route=\/wp\/v2\/pages\/74","targetHints":{"allow":["GET"]}}],"collection":[{"href":"https:\/\/www.koivuengineering.fi\/index.php?rest_route=\/wp\/v2\/pages"}],"about":[{"href":"https:\/\/www.koivuengineering.fi\/index.php?rest_route=\/wp\/v2\/types\/page"}],"author":[{"embeddable":true,"href":"https:\/\/www.koivuengineering.fi\/index.php?rest_route=\/wp\/v2\/users\/1"}],"replies":[{"embeddable":true,"href":"https:\/\/www.koivuengineering.fi\/index.php?rest_route=%2Fwp%2Fv2%2Fcomments&post=74"}],"version-history":[{"count":7,"href":"https:\/\/www.koivuengineering.fi\/index.php?rest_route=\/wp\/v2\/pages\/74\/revisions"}],"predecessor-version":[{"id":197,"href":"https:\/\/www.koivuengineering.fi\/index.php?rest_route=\/wp\/v2\/pages\/74\/revisions\/197"}],"wp:attachment":[{"href":"https:\/\/www.koivuengineering.fi\/index.php?rest_route=%2Fwp%2Fv2%2Fmedia&parent=74"}],"curies":[{"name":"wp","href":"https:\/\/api.w.org\/{rel}","templated":true}]}}