{"id":97,"date":"2025-09-23T16:17:24","date_gmt":"2025-09-23T14:17:24","guid":{"rendered":"https:\/\/www.koivuengineering.fi\/?page_id=97"},"modified":"2025-11-04T14:30:36","modified_gmt":"2025-11-04T12:30:36","slug":"pro-keittio","status":"publish","type":"page","link":"https:\/\/www.koivuengineering.fi\/?page_id=97","title":{"rendered":"Pro Keitti\u00f6"},"content":{"rendered":"\n<p> Meill\u00e4 on yli 20 vuoden kokemus ammattikeitti\u00f6ist\u00e4.<\/p>\n\n\n\n<p id=\"wnd_TextBlock_97091758000064446_inner_0\"><strong>Kustannustehokkuus &#8211;<\/strong> Toiminta keitti\u00f6ss\u00e4 on hektist\u00e4. Selke\u00e4ll\u00e4 ja yhten\u00e4isell\u00e4 toimintamallilla pystyt\u00e4\u00e4n tuottamaan palvelua kustannustehokkaasti. Olemme havainnoineet lukemattomia m\u00e4\u00e4ri\u00e4 erilaisia tekij\u00f6it\u00e4, joilla on mittavia vaikutuksia keitti\u00f6n kustannustehokkuuteen. <\/p>\n\n\n\n<p id=\"wnd_TextBlock_97091758000064446_inner_0\"><strong>Elinkaari &#8211;<\/strong> Keitti\u00f6 ei ole keitti\u00f6 ilman toimivia laitteita. Laitteilla on aina elinkaari, joka p\u00e4\u00e4ttyy jossain vaiheessa. Elinkaareen vaikuttavat monet tekij\u00e4t; k\u00e4ytt\u00f6ajat, huollot ja yll\u00e4pito. Hyv\u00e4ll\u00e4 elinkaarenhallinna voidaan ehk\u00e4ist\u00e4 yll\u00e4tt\u00e4v\u00e4t tilanteet ja varautua tuleviin investointeihin jo hyviss\u00e4 ajoin. <\/p>\n\n\n\n<p id=\"wnd_TextBlock_97091758000064446_inner_0\"><strong>OIVAllinen keitti\u00f6 &#8211;<\/strong> OIVA-merkint\u00e4 on ensimm\u00e4inen kuva jonka asiakas saa keitti\u00f6st\u00e4nne. Hymynaama, joka ohjaa asiakkaan luottamusta ja viimeistelee ostop\u00e4\u00e4t\u00f6ksen. Vuosittainen auditointipalvelumme auttaa teit\u00e4 OIVAn kanssa ja antaa selke\u00e4t korjaustoimenpiteet. T\u00e4ll\u00e4 tavoin saavutetaan suuria tuloksia ja pystyt\u00e4\u00e4n keskittym\u00e4\u00e4n detaljitasolle pitk\u00e4ss\u00e4 juoksussa. Vuosittain kehit\u00e4mme yhdess\u00e4 mallia, joka sopii parhaiten teid\u00e4n tarpeisiinne. T\u00e4ll\u00e4 palvelulla pystyt\u00e4\u00e4n aina saavuttamaan OIVA-merkinn\u00e4n korkein taso ja samalla eliminoidaan ylim\u00e4\u00e4r\u00e4iset kulut laitteistojen ja toiminnan osalta.<\/p>\n\n\n\n<p id=\"wnd_TextBlock_97091758000064446_inner_1\">Tehd\u00e4\u00e4nk\u00f6 teillekin OIVAllinen keitti\u00f6?<\/p>\n\n\n\n<p>T\u00e4st\u00e4 inspiroituneena p\u00e4\u00e4timme perustaa ProKeitti\u00f6 palvelun.<\/p>\n\n\n\n<figure class=\"wp-block-gallery has-nested-images columns-default is-cropped wp-block-gallery-1 is-layout-flex wp-block-gallery-is-layout-flex\">\n<figure class=\"wp-block-image size-large\"><img fetchpriority=\"high\" decoding=\"async\" width=\"612\" height=\"272\" data-id=\"118\" src=\"https:\/\/www.koivuengineering.fi\/wp-content\/uploads\/2025\/09\/keittio-1-4.webp\" alt=\"\" class=\"wp-image-118\" srcset=\"https:\/\/www.koivuengineering.fi\/wp-content\/uploads\/2025\/09\/keittio-1-4.webp 612w, https:\/\/www.koivuengineering.fi\/wp-content\/uploads\/2025\/09\/keittio-1-4-300x133.webp 300w\" sizes=\"(max-width: 612px) 100vw, 612px\" \/><\/figure>\n\n\n\n<figure class=\"wp-block-image size-large\"><img decoding=\"async\" width=\"795\" height=\"528\" data-id=\"119\" src=\"https:\/\/www.koivuengineering.fi\/wp-content\/uploads\/2025\/09\/keittio-2-3.webp\" alt=\"\" class=\"wp-image-119\" srcset=\"https:\/\/www.koivuengineering.fi\/wp-content\/uploads\/2025\/09\/keittio-2-3.webp 795w, https:\/\/www.koivuengineering.fi\/wp-content\/uploads\/2025\/09\/keittio-2-3-300x199.webp 300w, https:\/\/www.koivuengineering.fi\/wp-content\/uploads\/2025\/09\/keittio-2-3-768x510.webp 768w\" sizes=\"(max-width: 795px) 100vw, 795px\" \/><\/figure>\n\n\n\n<figure class=\"wp-block-image size-large\"><img decoding=\"async\" width=\"612\" height=\"459\" data-id=\"120\" src=\"https:\/\/www.koivuengineering.fi\/wp-content\/uploads\/2025\/09\/keittio-3-2.webp\" alt=\"\" class=\"wp-image-120\" srcset=\"https:\/\/www.koivuengineering.fi\/wp-content\/uploads\/2025\/09\/keittio-3-2.webp 612w, https:\/\/www.koivuengineering.fi\/wp-content\/uploads\/2025\/09\/keittio-3-2-300x225.webp 300w\" sizes=\"(max-width: 612px) 100vw, 612px\" \/><\/figure>\n<\/figure>\n\n\n\n<div class=\"wp-block-group has-global-padding is-layout-constrained wp-block-group-is-layout-constrained\">\n<div class=\"wp-block-group has-global-padding is-layout-constrained wp-block-group-is-layout-constrained\">\n<div class=\"wp-block-columns is-layout-flex wp-container-core-columns-is-layout-28f84493 wp-block-columns-is-layout-flex\">\n<div class=\"wp-block-column is-layout-flow wp-block-column-is-layout-flow\">\n<p class=\"has-small-font-size\"><strong>Elinkaari<\/strong><\/p>\n\n\n\n<p class=\"has-small-font-size\"> Arjen sujuvuutta keitti\u00f6\u00f6si, on t\u00e4rke\u00e4\u00e4 tiet\u00e4\u00e4 laitteiden tila ja huollon tarve ennakkoon. Pysty\u00e4 suunnittelemaan tulevat investoinnit ja kehitt\u00e4m\u00e4\u00e4n toiminta varmuutta.&nbsp;<\/p>\n<\/div>\n\n\n\n<div class=\"wp-block-column is-layout-flow wp-block-column-is-layout-flow\">\n<p class=\"has-small-font-size\"><strong>Kustannustehokkuus<\/strong><\/p>\n\n\n\n<p class=\"has-small-font-size\">Ylim\u00e4\u00e4r\u00e4iset kulut kuriin. Jo pienill\u00e4 muutoksilla toimintatapoihin ja k\u00e4yt\u00e4nt\u00f6ihin saadaan pitk\u00e4ll\u00e4 aikav\u00e4lill\u00e4 aikaan mittavia s\u00e4\u00e4st\u00f6j\u00e4.<\/p>\n<\/div>\n\n\n\n<div class=\"wp-block-column is-layout-flow wp-block-column-is-layout-flow\">\n<p class=\"has-small-font-size\"><strong>OIVAllinen keitti\u00f6<\/strong><\/p>\n\n\n\n<p class=\"has-small-font-size\">Vuosittainen auditiontimme tarjoaa teille ty\u00f6kalut tavoitteen t\u00e4ytt\u00e4miseen.  Tavoitteena korjata alkuun merkitt\u00e4v\u00e4t puutekohdat ja vuosittain siirty\u00e4 syvemm\u00e4lle detaljitasolle, kun aiemmat toimet ovat jo rutiinitoimenpiteit\u00e4.<\/p>\n<\/div>\n<\/div>\n<\/div>\n<\/div>\n","protected":false},"excerpt":{"rendered":"<p>Meill\u00e4 on yli 20 vuoden kokemus ammattikeitti\u00f6ist\u00e4. Kustannustehokkuus &#8211; Toiminta keitti\u00f6ss\u00e4 on hektist\u00e4. Selke\u00e4ll\u00e4 ja yhten\u00e4isell\u00e4 toimintamallilla pystyt\u00e4\u00e4n tuottamaan palvelua kustannustehokkaasti. Olemme havainnoineet lukemattomia m\u00e4\u00e4ri\u00e4 erilaisia tekij\u00f6it\u00e4, joilla on mittavia vaikutuksia keitti\u00f6n kustannustehokkuuteen. Elinkaari &#8211; Keitti\u00f6 ei ole keitti\u00f6 ilman toimivia laitteita. Laitteilla on aina elinkaari, joka p\u00e4\u00e4ttyy jossain vaiheessa. Elinkaareen vaikuttavat monet tekij\u00e4t; k\u00e4ytt\u00f6ajat, [&hellip;]<\/p>\n","protected":false},"author":1,"featured_media":63,"parent":0,"menu_order":0,"comment_status":"closed","ping_status":"closed","template":"","meta":{"footnotes":""},"class_list":["post-97","page","type-page","status-publish","has-post-thumbnail","hentry"],"yoast_head":"<!-- This site is optimized with the Yoast SEO plugin v27.5 - https:\/\/yoast.com\/product\/yoast-seo-wordpress\/ -->\n<title>Pro Keitti\u00f6 - Ratkaisujen juuret syv&auml;ll&auml; osaamisessa<\/title>\n<meta name=\"description\" content=\"Ammattikeitti\u00f6iss\u00e4 elinkaaren hallinta on t\u00e4rke\u00e4\u00e4. Opi, miten voit ehk\u00e4ist\u00e4 yll\u00e4tt\u00e4vi\u00e4 tilanteita tehokkaasti. Ratkaisuna toimii pro keitti\u00f6\" \/>\n<meta name=\"robots\" content=\"index, follow, max-snippet:-1, max-image-preview:large, max-video-preview:-1\" \/>\n<link rel=\"canonical\" href=\"https:\/\/www.koivuengineering.fi\/?page_id=97\" \/>\n<meta property=\"og:locale\" content=\"fi_FI\" \/>\n<meta property=\"og:type\" content=\"article\" \/>\n<meta property=\"og:title\" content=\"Pro Keitti\u00f6 - Ratkaisujen juuret syv&auml;ll&auml; osaamisessa\" \/>\n<meta property=\"og:description\" content=\"Ammattikeitti\u00f6iss\u00e4 elinkaaren hallinta on t\u00e4rke\u00e4\u00e4. Opi, miten voit ehk\u00e4ist\u00e4 yll\u00e4tt\u00e4vi\u00e4 tilanteita tehokkaasti. Ratkaisuna toimii pro keitti\u00f6\" \/>\n<meta property=\"og:url\" content=\"https:\/\/www.koivuengineering.fi\/?page_id=97\" \/>\n<meta property=\"og:site_name\" content=\"Ratkaisujen juuret syv&auml;ll&auml; osaamisessa\" \/>\n<meta property=\"article:modified_time\" content=\"2025-11-04T12:30:36+00:00\" \/>\n<meta property=\"og:image\" content=\"https:\/\/www.koivuengineering.fi\/wp-content\/uploads\/2025\/09\/keittio.jpg\" \/>\n\t<meta property=\"og:image:width\" content=\"612\" \/>\n\t<meta property=\"og:image:height\" content=\"330\" \/>\n\t<meta property=\"og:image:type\" content=\"image\/jpeg\" \/>\n<meta name=\"twitter:card\" content=\"summary_large_image\" \/>\n<meta name=\"twitter:label1\" content=\"Arvioitu lukuaika\" \/>\n\t<meta name=\"twitter:data1\" content=\"3 minuuttia\" \/>\n<script type=\"application\/ld+json\" class=\"yoast-schema-graph\">{\"@context\":\"https:\\\/\\\/schema.org\",\"@graph\":[{\"@type\":\"WebPage\",\"@id\":\"https:\\\/\\\/www.koivuengineering.fi\\\/?page_id=97\",\"url\":\"https:\\\/\\\/www.koivuengineering.fi\\\/?page_id=97\",\"name\":\"Pro Keitti\u00f6 - Ratkaisujen juuret syv&auml;ll&auml; osaamisessa\",\"isPartOf\":{\"@id\":\"https:\\\/\\\/www.koivuengineering.fi\\\/#website\"},\"primaryImageOfPage\":{\"@id\":\"https:\\\/\\\/www.koivuengineering.fi\\\/?page_id=97#primaryimage\"},\"image\":{\"@id\":\"https:\\\/\\\/www.koivuengineering.fi\\\/?page_id=97#primaryimage\"},\"thumbnailUrl\":\"https:\\\/\\\/www.koivuengineering.fi\\\/wp-content\\\/uploads\\\/2025\\\/09\\\/keittio.jpg\",\"datePublished\":\"2025-09-23T14:17:24+00:00\",\"dateModified\":\"2025-11-04T12:30:36+00:00\",\"description\":\"Ammattikeitti\u00f6iss\u00e4 elinkaaren hallinta on t\u00e4rke\u00e4\u00e4. Opi, miten voit ehk\u00e4ist\u00e4 yll\u00e4tt\u00e4vi\u00e4 tilanteita tehokkaasti. Ratkaisuna toimii pro keitti\u00f6\",\"breadcrumb\":{\"@id\":\"https:\\\/\\\/www.koivuengineering.fi\\\/?page_id=97#breadcrumb\"},\"inLanguage\":\"fi\",\"potentialAction\":[{\"@type\":\"ReadAction\",\"target\":[\"https:\\\/\\\/www.koivuengineering.fi\\\/?page_id=97\"]}]},{\"@type\":\"ImageObject\",\"inLanguage\":\"fi\",\"@id\":\"https:\\\/\\\/www.koivuengineering.fi\\\/?page_id=97#primaryimage\",\"url\":\"https:\\\/\\\/www.koivuengineering.fi\\\/wp-content\\\/uploads\\\/2025\\\/09\\\/keittio.jpg\",\"contentUrl\":\"https:\\\/\\\/www.koivuengineering.fi\\\/wp-content\\\/uploads\\\/2025\\\/09\\\/keittio.jpg\",\"width\":612,\"height\":330,\"caption\":\"Restaurant equipment. Modern industrial kitchen. 3d illustration\"},{\"@type\":\"BreadcrumbList\",\"@id\":\"https:\\\/\\\/www.koivuengineering.fi\\\/?page_id=97#breadcrumb\",\"itemListElement\":[{\"@type\":\"ListItem\",\"position\":1,\"name\":\"Etusivu\",\"item\":\"https:\\\/\\\/www.koivuengineering.fi\\\/\"},{\"@type\":\"ListItem\",\"position\":2,\"name\":\"Pro Keitti\u00f6\"}]},{\"@type\":\"WebSite\",\"@id\":\"https:\\\/\\\/www.koivuengineering.fi\\\/#website\",\"url\":\"https:\\\/\\\/www.koivuengineering.fi\\\/\",\"name\":\"Koivuengineering\",\"description\":\"Ratkaisujen juuret syv&auml;ll&auml; osaamisessa\",\"publisher\":{\"@id\":\"https:\\\/\\\/www.koivuengineering.fi\\\/#organization\"},\"potentialAction\":[{\"@type\":\"SearchAction\",\"target\":{\"@type\":\"EntryPoint\",\"urlTemplate\":\"https:\\\/\\\/www.koivuengineering.fi\\\/?s={search_term_string}\"},\"query-input\":{\"@type\":\"PropertyValueSpecification\",\"valueRequired\":true,\"valueName\":\"search_term_string\"}}],\"inLanguage\":\"fi\"},{\"@type\":\"Organization\",\"@id\":\"https:\\\/\\\/www.koivuengineering.fi\\\/#organization\",\"name\":\"Koivu Engineering\",\"url\":\"https:\\\/\\\/www.koivuengineering.fi\\\/\",\"logo\":{\"@type\":\"ImageObject\",\"inLanguage\":\"fi\",\"@id\":\"https:\\\/\\\/www.koivuengineering.fi\\\/#\\\/schema\\\/logo\\\/image\\\/\",\"url\":\"https:\\\/\\\/www.koivuengineering.fi\\\/wp-content\\\/uploads\\\/2025\\\/09\\\/logo.webp\",\"contentUrl\":\"https:\\\/\\\/www.koivuengineering.fi\\\/wp-content\\\/uploads\\\/2025\\\/09\\\/logo.webp\",\"width\":450,\"height\":146,\"caption\":\"Koivu Engineering\"},\"image\":{\"@id\":\"https:\\\/\\\/www.koivuengineering.fi\\\/#\\\/schema\\\/logo\\\/image\\\/\"}}]}<\/script>\n<!-- \/ Yoast SEO plugin. -->","yoast_head_json":{"title":"Pro Keitti\u00f6 - Ratkaisujen juuret syv&auml;ll&auml; osaamisessa","description":"Ammattikeitti\u00f6iss\u00e4 elinkaaren hallinta on t\u00e4rke\u00e4\u00e4. Opi, miten voit ehk\u00e4ist\u00e4 yll\u00e4tt\u00e4vi\u00e4 tilanteita tehokkaasti. Ratkaisuna toimii pro keitti\u00f6","robots":{"index":"index","follow":"follow","max-snippet":"max-snippet:-1","max-image-preview":"max-image-preview:large","max-video-preview":"max-video-preview:-1"},"canonical":"https:\/\/www.koivuengineering.fi\/?page_id=97","og_locale":"fi_FI","og_type":"article","og_title":"Pro Keitti\u00f6 - Ratkaisujen juuret syv&auml;ll&auml; osaamisessa","og_description":"Ammattikeitti\u00f6iss\u00e4 elinkaaren hallinta on t\u00e4rke\u00e4\u00e4. Opi, miten voit ehk\u00e4ist\u00e4 yll\u00e4tt\u00e4vi\u00e4 tilanteita tehokkaasti. Ratkaisuna toimii pro keitti\u00f6","og_url":"https:\/\/www.koivuengineering.fi\/?page_id=97","og_site_name":"Ratkaisujen juuret syv&auml;ll&auml; osaamisessa","article_modified_time":"2025-11-04T12:30:36+00:00","og_image":[{"width":612,"height":330,"url":"https:\/\/www.koivuengineering.fi\/wp-content\/uploads\/2025\/09\/keittio.jpg","type":"image\/jpeg"}],"twitter_card":"summary_large_image","twitter_misc":{"Arvioitu lukuaika":"3 minuuttia"},"schema":{"@context":"https:\/\/schema.org","@graph":[{"@type":"WebPage","@id":"https:\/\/www.koivuengineering.fi\/?page_id=97","url":"https:\/\/www.koivuengineering.fi\/?page_id=97","name":"Pro Keitti\u00f6 - Ratkaisujen juuret syv&auml;ll&auml; osaamisessa","isPartOf":{"@id":"https:\/\/www.koivuengineering.fi\/#website"},"primaryImageOfPage":{"@id":"https:\/\/www.koivuengineering.fi\/?page_id=97#primaryimage"},"image":{"@id":"https:\/\/www.koivuengineering.fi\/?page_id=97#primaryimage"},"thumbnailUrl":"https:\/\/www.koivuengineering.fi\/wp-content\/uploads\/2025\/09\/keittio.jpg","datePublished":"2025-09-23T14:17:24+00:00","dateModified":"2025-11-04T12:30:36+00:00","description":"Ammattikeitti\u00f6iss\u00e4 elinkaaren hallinta on t\u00e4rke\u00e4\u00e4. Opi, miten voit ehk\u00e4ist\u00e4 yll\u00e4tt\u00e4vi\u00e4 tilanteita tehokkaasti. Ratkaisuna toimii pro keitti\u00f6","breadcrumb":{"@id":"https:\/\/www.koivuengineering.fi\/?page_id=97#breadcrumb"},"inLanguage":"fi","potentialAction":[{"@type":"ReadAction","target":["https:\/\/www.koivuengineering.fi\/?page_id=97"]}]},{"@type":"ImageObject","inLanguage":"fi","@id":"https:\/\/www.koivuengineering.fi\/?page_id=97#primaryimage","url":"https:\/\/www.koivuengineering.fi\/wp-content\/uploads\/2025\/09\/keittio.jpg","contentUrl":"https:\/\/www.koivuengineering.fi\/wp-content\/uploads\/2025\/09\/keittio.jpg","width":612,"height":330,"caption":"Restaurant equipment. Modern industrial kitchen. 3d illustration"},{"@type":"BreadcrumbList","@id":"https:\/\/www.koivuengineering.fi\/?page_id=97#breadcrumb","itemListElement":[{"@type":"ListItem","position":1,"name":"Etusivu","item":"https:\/\/www.koivuengineering.fi\/"},{"@type":"ListItem","position":2,"name":"Pro Keitti\u00f6"}]},{"@type":"WebSite","@id":"https:\/\/www.koivuengineering.fi\/#website","url":"https:\/\/www.koivuengineering.fi\/","name":"Koivuengineering","description":"Ratkaisujen juuret syv&auml;ll&auml; osaamisessa","publisher":{"@id":"https:\/\/www.koivuengineering.fi\/#organization"},"potentialAction":[{"@type":"SearchAction","target":{"@type":"EntryPoint","urlTemplate":"https:\/\/www.koivuengineering.fi\/?s={search_term_string}"},"query-input":{"@type":"PropertyValueSpecification","valueRequired":true,"valueName":"search_term_string"}}],"inLanguage":"fi"},{"@type":"Organization","@id":"https:\/\/www.koivuengineering.fi\/#organization","name":"Koivu Engineering","url":"https:\/\/www.koivuengineering.fi\/","logo":{"@type":"ImageObject","inLanguage":"fi","@id":"https:\/\/www.koivuengineering.fi\/#\/schema\/logo\/image\/","url":"https:\/\/www.koivuengineering.fi\/wp-content\/uploads\/2025\/09\/logo.webp","contentUrl":"https:\/\/www.koivuengineering.fi\/wp-content\/uploads\/2025\/09\/logo.webp","width":450,"height":146,"caption":"Koivu Engineering"},"image":{"@id":"https:\/\/www.koivuengineering.fi\/#\/schema\/logo\/image\/"}}]}},"_links":{"self":[{"href":"https:\/\/www.koivuengineering.fi\/index.php?rest_route=\/wp\/v2\/pages\/97","targetHints":{"allow":["GET"]}}],"collection":[{"href":"https:\/\/www.koivuengineering.fi\/index.php?rest_route=\/wp\/v2\/pages"}],"about":[{"href":"https:\/\/www.koivuengineering.fi\/index.php?rest_route=\/wp\/v2\/types\/page"}],"author":[{"embeddable":true,"href":"https:\/\/www.koivuengineering.fi\/index.php?rest_route=\/wp\/v2\/users\/1"}],"replies":[{"embeddable":true,"href":"https:\/\/www.koivuengineering.fi\/index.php?rest_route=%2Fwp%2Fv2%2Fcomments&post=97"}],"version-history":[{"count":6,"href":"https:\/\/www.koivuengineering.fi\/index.php?rest_route=\/wp\/v2\/pages\/97\/revisions"}],"predecessor-version":[{"id":162,"href":"https:\/\/www.koivuengineering.fi\/index.php?rest_route=\/wp\/v2\/pages\/97\/revisions\/162"}],"wp:featuredmedia":[{"embeddable":true,"href":"https:\/\/www.koivuengineering.fi\/index.php?rest_route=\/wp\/v2\/media\/63"}],"wp:attachment":[{"href":"https:\/\/www.koivuengineering.fi\/index.php?rest_route=%2Fwp%2Fv2%2Fmedia&parent=97"}],"curies":[{"name":"wp","href":"https:\/\/api.w.org\/{rel}","templated":true}]}}